{"id":35,"date":"2026-04-08T19:32:50","date_gmt":"2026-04-08T19:32:50","guid":{"rendered":"https:\/\/77750.org\/?page_id=35"},"modified":"2026-04-08T21:44:13","modified_gmt":"2026-04-08T21:44:13","slug":"home","status":"publish","type":"page","link":"https:\/\/77750.org\/","title":{"rendered":"Home"},"content":{"rendered":"<div class=\"brz brz-root__container brz-reset-all brz-root__container-page\" >\n<section id=\"btUrX5Rw67V1_btUrX5Rw67V1\" class=\"brz-section brz-css-d-section brz-css-1305otm\">\n<div class=\"brz-section__content brz-section--boxed brz-css-d-sectionitem-bg brz-css-1xvckuy\" data-brz-custom-id=\"fELoTXEBAFWN\">\n<div class=\"brz-container brz-css-d-sectionitem-container brz-css-1n1sfgp\">\n<div id=\"\" class=\"brz-css-d-wrapper brz-css-1km7256 brz-wrapper\">\n<div class=\"brz-rich-text brz-rich-text__custom brz-css-d-richtext brz-css-1swp76c\" data-brz-custom-id=\"k50jQ8dB9TOA\">\n<div data-brz-translate-text=\"1\">\n<p class=\"brz-text-lg-center brz-tp-lg-empty brz-ff-dm_serif_text brz-ft-google brz-fs-lg-46 brz-fss-lg-px brz-fw-lg-400 brz-ls-lg-m_1_5 brz-lh-lg-1_3 brz-vfw-lg-400 brz-fwdth-lg-100 brz-fsft-lg-0 brz-css-lQxWU\" data-generated-css=\"brz-css-vITG0\" data-uniq-id=\"fkDUv\"><span class=\"brz-cp-color2\" style=\"color: rgb(28, 28, 28);\">Bienvenue dans la R\u00e9serve Naturelle 77750.ORG<\/span><\/p>\n<\/div>\n<\/div>\n<\/div>\n<\/div>\n<\/div>\n<\/section>\n<section id=\"bwOoeTiEXfTi_bwOoeTiEXfTi\" class=\"brz-section brz-css-d-section brz-css-jv8mvs\">\n<div class=\"brz-section__content brz-section--boxed brz-css-d-sectionitem-bg brz-css-1hggruf\" data-brz-custom-id=\"oFSTGy8Kx6ZH\">\n<div class=\"brz-bg\">\n<div class=\"brz-bg-image\"><\/div>\n<div class=\"brz-bg-color\"><\/div>\n<\/div>\n<div class=\"brz-container brz-css-d-sectionitem-container brz-css-1t6nndd\">\n<div id=\"\" class=\"brz-css-d-wrapper brz-css-r-wrapper brz-css-1ajqgtf brz-wrapper\">\n<div class=\"brz-spacer brz-css-d-spacer brz-css-vr5vq0\"><\/div>\n<\/div>\n<\/div>\n<\/div>\n<\/section>\n<section id=\"vXyDjI1NPKwc_vXyDjI1NPKwc\" class=\"brz-section brz-css-d-section brz-css-1km7s2g\">\n<div class=\"brz-section__content brz-section--boxed brz-css-d-sectionitem-bg brz-css-tlae8m\" data-brz-custom-id=\"pPtMnPX3u4EB\">\n<div class=\"brz-container brz-css-d-sectionitem-container brz-css-tyck7u\">\n<div id=\"\" class=\"brz-css-d-wrapper brz-css-13bvrvn brz-wrapper\">\n<div class=\"brz-rich-text brz-rich-text__custom brz-css-d-richtext brz-css-1r91ylu\" data-brz-custom-id=\"zY9ohrFxmy7H\">\n<div data-brz-translate-text=\"1\">\n<p class=\"brz-text-lg-center brz-tp-lg-empty brz-ff-noto_serif brz-ft-google brz-fs-lg-17 brz-fss-lg-px brz-fw-lg-400 brz-ls-lg-0 brz-lh-lg-1_8 brz-vfw-lg-400 brz-fwdth-lg-100 brz-fsft-lg-0 brz-css-qN4Oc\" data-generated-css=\"brz-css-lsCFW\" data-uniq-id=\"dfdR1\"><span style=\"color: rgb(0, 0, 0);\">Un lieu unique d\u00e9di\u00e9 \u00e0 la vie des abeilles, des fourmis et de tous les petits insectes qui peuplent nos r\u00e9gions.<\/span><\/p>\n<p class=\"brz-text-lg-center brz-tp-lg-empty brz-ff-noto_serif brz-ft-google brz-fs-lg-17 brz-fss-lg-px brz-fw-lg-400 brz-ls-lg-0 brz-lh-lg-1_8 brz-vfw-lg-400 brz-fwdth-lg-100 brz-fsft-lg-0 brz-css-hanIp\" data-generated-css=\"brz-css-xkmzf\" data-uniq-id=\"baYRl\"><span style=\"color: rgb(0, 0, 0);\">Au c\u0153ur de Saint-Ouen-sur-Morin, nous cr\u00e9ons un sanctuaire vivant o\u00f9 petits et grands peuvent observer, comprendre et aimer le monde fascinant des insectes. Ici, rien n\u2019est laiss\u00e9 au hasard : chaque bestiole a son r\u00f4le, chaque butineuse son importance.<\/span><\/p>\n<p class=\"brz-text-lg-center brz-tp-lg-empty brz-ff-noto_serif brz-ft-google brz-fs-lg-17 brz-fss-lg-px brz-fw-lg-400 brz-ls-lg-0 brz-lh-lg-1_8 brz-vfw-lg-400 brz-fwdth-lg-100 brz-fsft-lg-0 brz-css-xjx5z\" data-generated-css=\"brz-css-ma_S4\" data-uniq-id=\"zSgVe\"><\/p>\n<p class=\"brz-text-lg-center brz-tp-lg-empty brz-ff-noto_serif brz-ft-google brz-fs-lg-17 brz-fss-lg-px brz-fw-lg-400 brz-ls-lg-0 brz-lh-lg-1_8 brz-vfw-lg-400 brz-fwdth-lg-100 brz-fsft-lg-0 brz-css-xeOFR\" data-generated-css=\"brz-css-qJW9V\" data-uniq-id=\"bsalL\"><\/p>\n<p class=\"brz-fsft-lg-0 brz-fwdth-lg-100 brz-vfw-lg-400 brz-lh-lg-1_8 brz-ls-lg-0 brz-fw-lg-400 brz-fss-lg-px brz-fs-lg-21 brz-ft-google brz-ff-noto_serif brz-tp-lg-empty brz-text-lg-center brz-css-j3SdM\" data-generated-css=\"brz-css-xvQFc\" data-uniq-id=\"ssiaA\"><strong class=\"brz-bold-true\" style=\"color: rgb(0, 0, 0);\">Pourquoi une r\u00e9serve d\u00e9di\u00e9e aux insectes ?<\/strong><\/p>\n<p class=\"brz-fsft-lg-0 brz-fwdth-lg-100 brz-vfw-lg-400 brz-lh-lg-1_8 brz-ls-lg-0 brz-fw-lg-400 brz-fss-lg-px brz-fs-lg-21 brz-ft-google brz-ff-noto_serif brz-tp-lg-empty brz-text-lg-center brz-css-zUrwk\" data-generated-css=\"brz-css-xMwsU\" data-uniq-id=\"rC9mD\"><\/p>\n<p class=\"brz-text-lg-center brz-tp-lg-empty brz-ff-noto_serif brz-ft-google brz-fs-lg-17 brz-fss-lg-px brz-fw-lg-400 brz-ls-lg-0 brz-lh-lg-1_8 brz-vfw-lg-400 brz-fwdth-lg-100 brz-fsft-lg-0 brz-css-gXTeu\" data-generated-css=\"brz-css-wMpOp\" data-uniq-id=\"k0FI7\"><span style=\"color: rgb(0, 0, 0);\">Les abeilles, les fourmis, les bourdons, les coccinelles, les papillons et tant d\u2019autres sont essentiels \u00e0 notre survie. <\/span><\/p>\n<p class=\"brz-text-lg-center brz-tp-lg-empty brz-ff-noto_serif brz-ft-google brz-fs-lg-17 brz-fss-lg-px brz-fw-lg-400 brz-ls-lg-0 brz-lh-lg-1_8 brz-vfw-lg-400 brz-fwdth-lg-100 brz-fsft-lg-0 brz-css-jpH8w\" data-generated-css=\"brz-css-xOeXW\" data-uniq-id=\"z7TKb\"><span style=\"color: rgb(0, 0, 0);\">Ils pollinisent nos fleurs, a\u00e8rent les sols, recyclent la mati\u00e8re organique et maintiennent l\u2019\u00e9quilibre de la nature. Pourtant, ils disparaissent silencieusement.<\/span><\/p>\n<p class=\"brz-text-lg-center brz-tp-lg-empty brz-ff-noto_serif brz-ft-google brz-fs-lg-17 brz-fss-lg-px brz-fw-lg-400 brz-ls-lg-0 brz-lh-lg-1_8 brz-vfw-lg-400 brz-fwdth-lg-100 brz-fsft-lg-0 brz-css-jM9sD\" data-generated-css=\"brz-css-hQ6BT\" data-uniq-id=\"oSZ1h\"><\/p>\n<p class=\"brz-text-lg-center brz-tp-lg-empty brz-ff-noto_serif brz-ft-google brz-fs-lg-17 brz-fss-lg-px brz-fw-lg-400 brz-ls-lg-0 brz-lh-lg-1_8 brz-vfw-lg-400 brz-fwdth-lg-100 brz-fsft-lg-0 brz-css-voYPJ\" data-generated-css=\"brz-css-kwIPq\" data-uniq-id=\"bY6VE\"><strong class=\"brz-bold-true\" style=\"color: rgb(0, 0, 0);\">Notre mission :<\/strong><\/p>\n<p class=\"brz-text-lg-center brz-tp-lg-empty brz-ff-noto_serif brz-ft-google brz-fs-lg-17 brz-fss-lg-px brz-fw-lg-400 brz-ls-lg-0 brz-lh-lg-1_8 brz-vfw-lg-400 brz-fwdth-lg-100 brz-fsft-lg-0 brz-css-lxXYn\" data-generated-css=\"brz-css-jR67d\" data-uniq-id=\"gI8Oe\"><\/p>\n<p class=\"brz-text-lg-center brz-tp-lg-empty brz-ff-noto_serif brz-ft-google brz-fs-lg-17 brz-fss-lg-px brz-fw-lg-400 brz-ls-lg-0 brz-lh-lg-1_8 brz-vfw-lg-400 brz-fwdth-lg-100 brz-fsft-lg-0 brz-css-oOmei\" data-generated-css=\"brz-css-b3hXM\" data-uniq-id=\"sRFra\"><span style=\"color: rgb(0, 0, 0);\"> Prot\u00e9ger leur habitat naturel<\/span><\/p>\n<p class=\"brz-text-lg-center brz-tp-lg-empty brz-ff-noto_serif brz-ft-google brz-fs-lg-17 brz-fss-lg-px brz-fw-lg-400 brz-ls-lg-0 brz-lh-lg-1_8 brz-vfw-lg-400 brz-fwdth-lg-100 brz-fsft-lg-0 brz-css-ttCj7\" data-generated-css=\"brz-css-wcd05\" data-uniq-id=\"mgT0L\"><span style=\"color: rgb(0, 0, 0);\"> Enseigner aux enfants leur r\u00f4le pr\u00e9cieux<\/span><\/p>\n<p class=\"brz-text-lg-center brz-tp-lg-empty brz-ff-noto_serif brz-ft-google brz-fs-lg-17 brz-fss-lg-px brz-fw-lg-400 brz-ls-lg-0 brz-lh-lg-1_8 brz-vfw-lg-400 brz-fwdth-lg-100 brz-fsft-lg-0 brz-css-vjQuo\" data-generated-css=\"brz-css-yl2PZ\" data-uniq-id=\"z8mCf\"><span style=\"color: rgb(0, 0, 0);\"> Montrer que chaque petite b\u00eate a sa place sur Terre<\/span><\/p>\n<p class=\"brz-text-lg-center brz-tp-lg-empty brz-ff-noto_serif brz-ft-google brz-fs-lg-17 brz-fss-lg-px brz-fw-lg-400 brz-ls-lg-0 brz-lh-lg-1_8 brz-vfw-lg-400 brz-fwdth-lg-100 brz-fsft-lg-0 brz-css-kM5pr\" data-generated-css=\"brz-css-raQOJ\" data-uniq-id=\"xnaU2\"><\/p>\n<p class=\"brz-text-lg-center brz-tp-lg-empty brz-ff-noto_serif brz-ft-google brz-fs-lg-19 brz-fss-lg-px brz-fw-lg-400 brz-ls-lg-0 brz-lh-lg-1_8 brz-vfw-lg-400 brz-fwdth-lg-100 brz-fsft-lg-0 brz-css-wIcLG\" data-generated-css=\"brz-css-vHcoE\" data-uniq-id=\"bR8w3\"><strong class=\"brz-bold-true\" style=\"color: rgb(0, 0, 0);\">Un lieu p\u00e9dagogique pour les enfants<\/strong><\/p>\n<p class=\"brz-text-lg-center brz-tp-lg-empty brz-ff-noto_serif brz-ft-google brz-fs-lg-19 brz-fss-lg-px brz-fw-lg-400 brz-ls-lg-0 brz-lh-lg-1_8 brz-vfw-lg-400 brz-fwdth-lg-100 brz-fsft-lg-0 brz-css-rtC51\" data-generated-css=\"brz-css-gpYzJ\" data-uniq-id=\"spmLO\"><\/p>\n<p class=\"brz-text-lg-center brz-tp-lg-empty brz-ff-noto_serif brz-ft-google brz-fs-lg-17 brz-fss-lg-px brz-fw-lg-400 brz-ls-lg-0 brz-lh-lg-1_8 brz-vfw-lg-400 brz-fwdth-lg-100 brz-fsft-lg-0 brz-css-a0Fy6\" data-generated-css=\"brz-css-ly_QZ\" data-uniq-id=\"ssL6n\"><span style=\"color: rgb(0, 0, 0);\">Nous concevons cet espace&nbsp;avec des scientifiques et des \u00e9ducateurs&nbsp;pour qu\u2019il soit :<\/span><\/p>\n<p class=\"brz-text-lg-center brz-tp-lg-empty brz-ff-noto_serif brz-ft-google brz-fs-lg-17 brz-fss-lg-px brz-fw-lg-400 brz-ls-lg-0 brz-lh-lg-1_8 brz-vfw-lg-400 brz-fwdth-lg-100 brz-fsft-lg-0 brz-css-rfxt6\" data-generated-css=\"brz-css-cWnT7\" data-uniq-id=\"cgeWh\"><span style=\"color: rgb(0, 0, 0);\">Simple \u00e0 comprendre&nbsp;<\/span><\/p>\n<p class=\"brz-text-lg-center brz-tp-lg-empty brz-ff-noto_serif brz-ft-google brz-fs-lg-17 brz-fss-lg-px brz-fw-lg-400 brz-ls-lg-0 brz-lh-lg-1_8 brz-vfw-lg-400 brz-fwdth-lg-100 brz-fsft-lg-0 brz-css-mH6jB\" data-generated-css=\"brz-css-yEBNw\" data-uniq-id=\"lNslZ\"><span style=\"color: rgb(0, 0, 0);\">(panneaux illustr\u00e9s, parcours sensoriel)<\/span><\/p>\n<p class=\"brz-text-lg-center brz-tp-lg-empty brz-ff-noto_serif brz-ft-google brz-fs-lg-17 brz-fss-lg-px brz-fw-lg-400 brz-ls-lg-0 brz-lh-lg-1_8 brz-vfw-lg-400 brz-fwdth-lg-100 brz-fsft-lg-0 brz-css-gXcUT\" data-generated-css=\"brz-css-qFMpB\" data-uniq-id=\"ntcNt\"><span style=\"color: rgb(0, 0, 0);\">Scientifiquement juste&nbsp;<\/span><\/p>\n<p class=\"brz-text-lg-center brz-tp-lg-empty brz-ff-noto_serif brz-ft-google brz-fs-lg-17 brz-fss-lg-px brz-fw-lg-400 brz-ls-lg-0 brz-lh-lg-1_8 brz-vfw-lg-400 brz-fwdth-lg-100 brz-fsft-lg-0 brz-css-lyeVD\" data-generated-css=\"brz-css-r1tEY\" data-uniq-id=\"w43JT\"><span style=\"color: rgb(0, 0, 0);\">(en partenariat avec des entomologistes)<\/span><\/p>\n<p class=\"brz-text-lg-center brz-tp-lg-empty brz-ff-noto_serif brz-ft-google brz-fs-lg-17 brz-fss-lg-px brz-fw-lg-400 brz-ls-lg-0 brz-lh-lg-1_8 brz-vfw-lg-400 brz-fwdth-lg-100 brz-fsft-lg-0 brz-css-q7mKt\" data-generated-css=\"brz-css-s5622\" data-uniq-id=\"xI3nK\"><span style=\"color: rgb(0, 0, 0);\">Respectueux des insectes&nbsp;<\/span><\/p>\n<p class=\"brz-text-lg-center brz-tp-lg-empty brz-ff-noto_serif brz-ft-google brz-fs-lg-17 brz-fss-lg-px brz-fw-lg-400 brz-ls-lg-0 brz-lh-lg-1_8 brz-vfw-lg-400 brz-fwdth-lg-100 brz-fsft-lg-0 brz-css-mB1xL\" data-generated-css=\"brz-css-gwVWG\" data-uniq-id=\"uB_45\"><span style=\"color: rgb(0, 0, 0);\">(pas de pr\u00e9l\u00e8vement, que de l\u2019observation)<\/span><\/p>\n<p class=\"brz-text-lg-center brz-tp-lg-empty brz-ff-noto_serif brz-ft-google brz-fs-lg-17 brz-fss-lg-px brz-fw-lg-400 brz-ls-lg-0 brz-lh-lg-1_8 brz-vfw-lg-400 brz-fwdth-lg-100 brz-fsft-lg-0 brz-css-mwjxg\" data-generated-css=\"brz-css-axkX1\" data-uniq-id=\"bWQvq\"><span style=\"color: rgb(0, 0, 0);\">Les \u00e9coles, les familles et les curieux sont invit\u00e9s \u00e0 venir d\u00e9couvrir :<\/span><\/p>\n<p class=\"brz-text-lg-center brz-tp-lg-empty brz-ff-noto_serif brz-ft-google brz-fs-lg-17 brz-fss-lg-px brz-fw-lg-400 brz-ls-lg-0 brz-lh-lg-1_8 brz-vfw-lg-400 brz-fwdth-lg-100 brz-fsft-lg-0 brz-css-rCxJI\" data-generated-css=\"brz-css-jlVtl\" data-uniq-id=\"mOET6\"><span style=\"color: rgb(0, 0, 0);\">Le cycle de vie des abeilles <\/span><\/p>\n<p class=\"brz-text-lg-center brz-tp-lg-empty brz-ff-noto_serif brz-ft-google brz-fs-lg-17 brz-fss-lg-px brz-fw-lg-400 brz-ls-lg-0 brz-lh-lg-1_8 brz-vfw-lg-400 brz-fwdth-lg-100 brz-fsft-lg-0 brz-css-dgeKz\" data-generated-css=\"brz-css-aaJ_7\" data-uniq-id=\"tmWkP\"><span style=\"color: rgb(0, 0, 0);\">(de l\u2019\u0153uf \u00e0 l\u2019adulte)<\/span><\/p>\n<p class=\"brz-text-lg-center brz-tp-lg-empty brz-ff-noto_serif brz-ft-google brz-fs-lg-17 brz-fss-lg-px brz-fw-lg-400 brz-ls-lg-0 brz-lh-lg-1_8 brz-vfw-lg-400 brz-fwdth-lg-100 brz-fsft-lg-0 brz-css-kQxm_\" data-generated-css=\"brz-css-mYSOv\" data-uniq-id=\"g_Ew1\"><span style=\"color: rgb(0, 0, 0);\">L\u2019organisation fascinante d\u2019une fourmili\u00e8re<\/span><\/p>\n<p class=\"brz-text-lg-center brz-tp-lg-empty brz-ff-noto_serif brz-ft-google brz-fs-lg-17 brz-fss-lg-px brz-fw-lg-400 brz-ls-lg-0 brz-lh-lg-1_8 brz-vfw-lg-400 brz-fwdth-lg-100 brz-fsft-lg-0 brz-css-vAUCZ\" data-generated-css=\"brz-css-zwRfA\" data-uniq-id=\"fIHiL\"><span style=\"color: rgb(0, 0, 0);\">Pourquoi ne pas \u00e9craser une chenille ou une sauterelle<\/span><\/p>\n<p class=\"brz-text-lg-center brz-tp-lg-empty brz-ff-noto_serif brz-ft-google brz-fs-lg-17 brz-fss-lg-px brz-fw-lg-400 brz-ls-lg-0 brz-lh-lg-1_8 brz-vfw-lg-400 brz-fwdth-lg-100 brz-fsft-lg-0 brz-css-aBTwV\" data-generated-css=\"brz-css-rghcw\" data-uniq-id=\"yGqwj\"><\/p>\n<p class=\"brz-text-lg-center brz-tp-lg-empty brz-ff-dm_serif_text brz-ft-google brz-fs-lg-36 brz-fss-lg-px brz-fw-lg-400 brz-ls-lg-m_1_5 brz-lh-lg-1_3 brz-vfw-lg-400 brz-fwdth-lg-100 brz-fsft-lg-0 brz-css-uqj_u\" data-generated-css=\"brz-css-tYrtq\" data-uniq-id=\"fdCMl\"><span style=\"color: rgb(0, 0, 0);\">Ce que vous pourrez <\/span><\/p>\n<p class=\"brz-text-lg-center brz-tp-lg-empty brz-ff-dm_serif_text brz-ft-google brz-fs-lg-36 brz-fss-lg-px brz-fw-lg-400 brz-ls-lg-m_1_5 brz-lh-lg-1_3 brz-vfw-lg-400 brz-fwdth-lg-100 brz-fsft-lg-0 brz-css-tgx4X\" data-generated-css=\"brz-css-zL9_X\" data-uniq-id=\"lnZcg\"><span style=\"color: rgb(0, 0, 0);\">bient\u00f4t voir en direct<\/span><\/p>\n<h2 class=\"brz-text-lg-center brz-tp-lg-heading2 brz-ff-noto_serif brz-ft-google brz-fs-lg-17 brz-fss-lg-px brz-fw-lg-400 brz-ls-lg-0 brz-lh-lg-1_8 brz-vfw-lg-400 brz-fwdth-lg-100 brz-fsft-lg-0 brz-css-jplfM\" data-generated-css=\"brz-css-yJhjN\" data-uniq-id=\"kzKGX\"><\/h2>\n<p class=\"brz-text-lg-center brz-tp-lg-empty brz-ff-noto_serif brz-ft-google brz-fs-lg-17 brz-fss-lg-px brz-fw-lg-400 brz-ls-lg-0 brz-lh-lg-1_8 brz-vfw-lg-400 brz-fwdth-lg-100 brz-fsft-lg-0 brz-css-o1ncf\" data-generated-css=\"brz-css-tPOwL\" data-uniq-id=\"wxR0r\"><span style=\"color: rgb(0, 0, 0);\">Nous installons actuellement&nbsp;un syst\u00e8me de diffusion en continu (live)&nbsp;pour que vous puissiez, de chez vous ou de votre classe, observer la vie secr\u00e8te des insectes.<\/span><\/p>\n<p class=\"brz-text-lg-center brz-tp-lg-empty brz-ff-noto_serif brz-ft-google brz-fs-lg-20 brz-fss-lg-px brz-fw-lg-400 brz-ls-lg-0 brz-lh-lg-1_8 brz-vfw-lg-400 brz-fwdth-lg-100 brz-fsft-lg-0 brz-css-q9lne\" data-generated-css=\"brz-css-rbH3s\" data-uniq-id=\"qokNp\"><\/p>\n<p class=\"brz-text-lg-center brz-tp-lg-empty brz-ff-noto_serif brz-ft-google brz-fs-lg-20 brz-fss-lg-px brz-fw-lg-400 brz-ls-lg-0 brz-lh-lg-1_8 brz-vfw-lg-400 brz-fwdth-lg-100 brz-fsft-lg-0 brz-css-snYP0\" data-generated-css=\"brz-css-e03UN\" data-uniq-id=\"mruri\"><strong class=\"brz-bold-true\" style=\"color: rgb(0, 0, 0);\">\u00c0 venir <\/strong><\/p>\n<p class=\"brz-fs-lg-20 brz-text-lg-center brz-tp-lg-empty brz-ff-noto_serif brz-ft-google brz-fss-lg-px brz-fw-lg-400 brz-ls-lg-0 brz-lh-lg-1_8 brz-vfw-lg-400 brz-fwdth-lg-100 brz-fsft-lg-0 brz-css-tHft7\" data-generated-css=\"brz-css-c6iRb\" data-uniq-id=\"mvW18\"><strong class=\"brz-bold-true\" style=\"color: rgb(0, 0, 0);\"> <\/strong><\/p>\n<p class=\"brz-text-lg-center brz-tp-lg-empty brz-ff-noto_serif brz-ft-google brz-fs-lg-17 brz-fss-lg-px brz-fw-lg-400 brz-ls-lg-0 brz-lh-lg-1_8 brz-vfw-lg-400 brz-fwdth-lg-100 brz-fsft-lg-0 brz-css-a6k2b\" data-generated-css=\"brz-css-yYrQT\" data-uniq-id=\"zmqyl\"><span style=\"color: rgb(0, 0, 0);\">Ruche connect\u00e9e&nbsp;\u2013 cam\u00e9ra dans la ruche <\/span><\/p>\n<p class=\"brz-text-lg-center brz-tp-lg-empty brz-ff-noto_serif brz-ft-google brz-fs-lg-17 brz-fss-lg-px brz-fw-lg-400 brz-ls-lg-0 brz-lh-lg-1_8 brz-vfw-lg-400 brz-fwdth-lg-100 brz-fsft-lg-0 brz-css-dCqdn\" data-generated-css=\"brz-css-bx_X5\" data-uniq-id=\"fNF7T\"><span style=\"color: rgb(0, 0, 0);\">(entr\u00e9e, cadres, r\u00e9serve de miel)<\/span><\/p>\n<p class=\"brz-text-lg-center brz-tp-lg-empty brz-ff-noto_serif brz-ft-google brz-fs-lg-17 brz-fss-lg-px brz-fw-lg-400 brz-ls-lg-0 brz-lh-lg-1_8 brz-vfw-lg-400 brz-fwdth-lg-100 brz-fsft-lg-0 brz-css-z8eyq\" data-generated-css=\"brz-css-tQY5l\" data-uniq-id=\"nw88k\"><span style=\"color: rgb(0, 0, 0);\">Fourmili\u00e8re g\u00e9ante transparente&nbsp;<\/span><\/p>\n<p class=\"brz-text-lg-center brz-tp-lg-empty brz-ff-noto_serif brz-ft-google brz-fs-lg-17 brz-fss-lg-px brz-fw-lg-400 brz-ls-lg-0 brz-lh-lg-1_8 brz-vfw-lg-400 brz-fwdth-lg-100 brz-fsft-lg-0 brz-css-vMJ3w\" data-generated-css=\"brz-css-a2ueD\" data-uniq-id=\"rtqYU\"><span style=\"color: rgb(0, 0, 0);\">pour voir les galeries en temps r\u00e9el<\/span><\/p>\n<p class=\"brz-text-lg-center brz-tp-lg-empty brz-ff-noto_serif brz-ft-google brz-fs-lg-17 brz-fss-lg-px brz-fw-lg-400 brz-ls-lg-0 brz-lh-lg-1_8 brz-vfw-lg-400 brz-fwdth-lg-100 brz-fsft-lg-0 brz-css-n8BFl\" data-generated-css=\"brz-css-smTRE\" data-uniq-id=\"uWlFt\"><span style=\"color: rgb(0, 0, 0);\">H\u00f4tel \u00e0 insectes&nbsp;\u2013 suivi des solitaires <\/span><\/p>\n<p class=\"brz-text-lg-center brz-tp-lg-empty brz-ff-noto_serif brz-ft-google brz-fs-lg-17 brz-fss-lg-px brz-fw-lg-400 brz-ls-lg-0 brz-lh-lg-1_8 brz-vfw-lg-400 brz-fwdth-lg-100 brz-fsft-lg-0 brz-css-f1br9\" data-generated-css=\"brz-css-xOQSh\" data-uniq-id=\"vBM1_\"><span style=\"color: rgb(0, 0, 0);\">(osmies, perce-oreilles, etc.)<\/span><\/p>\n<blockquote class=\"brz-text-lg-center brz-tp-lg-empty brz-ff-noto_serif brz-ft-google brz-fs-lg-17 brz-fss-lg-px brz-fw-lg-400 brz-ls-lg-0 brz-lh-lg-1_8 brz-vfw-lg-400 brz-fwdth-lg-100 brz-fsft-lg-0\" data-generated-css=\"brz-css-fafbB\" data-uniq-id=\"oEDRt\"><p><span style=\"color: rgb(0, 0, 0);\"> <\/span><\/p><\/blockquote>\n<blockquote class=\"brz-fs-lg-16 brz-ft-google brz-ff-dm_serif_text brz-tp-lg-empty brz-fsft-lg-0 brz-fwdth-lg-100 brz-vfw-lg-400 brz-lh-lg-1_3 brz-ls-lg-0 brz-fw-lg-400 brz-fss-lg-px brz-text-lg-center\" data-generated-css=\"brz-css-vXB2A\" data-uniq-id=\"j4Mj_\"><p><span style=\"color: rgb(0, 0, 0);\"> Le projet est en construction&nbsp;calmement et solidement&nbsp;pour garantir le bien-\u00eatre des insectes et la qualit\u00e9 p\u00e9dagogique. Merci de votre patience.<\/span><\/p><\/blockquote>\n<blockquote class=\"brz-text-lg-center brz-tp-lg-empty brz-ff-noto_serif brz-ft-google brz-fs-lg-17 brz-fss-lg-px brz-fw-lg-400 brz-ls-lg-0 brz-lh-lg-1_8 brz-vfw-lg-400 brz-fwdth-lg-100 brz-fsft-lg-0\" data-generated-css=\"brz-css-z9qdU\" data-uniq-id=\"bFfJT\"><p><\/p><\/blockquote>\n<p class=\"brz-text-lg-center brz-tp-lg-empty brz-ff-noto_serif brz-ft-google brz-fs-lg-20 brz-fss-lg-px brz-fw-lg-400 brz-ls-lg-0 brz-lh-lg-1_8 brz-vfw-lg-400 brz-fwdth-lg-100 brz-fsft-lg-0 brz-css-ar9UW\" data-generated-css=\"brz-css-wBkno\" data-uniq-id=\"o2C2w\"><strong class=\"brz-bold-true\" style=\"color: rgb(0, 0, 0);\">Comment nous aider ?<\/strong><\/p>\n<p class=\"brz-text-lg-center brz-tp-lg-empty brz-ff-noto_serif brz-ft-google brz-fs-lg-20 brz-fss-lg-px brz-fw-lg-400 brz-ls-lg-0 brz-lh-lg-1_8 brz-vfw-lg-400 brz-fwdth-lg-100 brz-fsft-lg-0 brz-css-hRrVO\" data-generated-css=\"brz-css-joRqb\" data-uniq-id=\"pG9qA\"><\/p>\n<p class=\"brz-text-lg-center brz-tp-lg-empty brz-ff-noto_serif brz-ft-google brz-fs-lg-17 brz-fss-lg-px brz-fw-lg-400 brz-ls-lg-0 brz-lh-lg-1_8 brz-vfw-lg-400 brz-fwdth-lg-100 brz-fsft-lg-0 brz-css-kL8YQ\" data-generated-css=\"brz-css-o3aAe\" data-uniq-id=\"wegLo\"><span style=\"color: rgb(0, 0, 0);\">Vous pouvez :<\/span><\/p>\n<p class=\"brz-text-lg-center brz-tp-lg-empty brz-ff-noto_serif brz-ft-google brz-fs-lg-17 brz-fss-lg-px brz-fw-lg-400 brz-ls-lg-0 brz-lh-lg-1_8 brz-vfw-lg-400 brz-fwdth-lg-100 brz-fsft-lg-0 brz-css-qCVUZ\" data-generated-css=\"brz-css-zUQl6\" data-uniq-id=\"wfsOj\"><span style=\"color: rgb(0, 0, 0);\">Parler de la r\u00e9serve autour de vous<\/span><\/p>\n<p class=\"brz-text-lg-center brz-tp-lg-empty brz-ff-noto_serif brz-ft-google brz-fs-lg-17 brz-fss-lg-px brz-fw-lg-400 brz-ls-lg-0 brz-lh-lg-1_8 brz-vfw-lg-400 brz-fwdth-lg-100 brz-fsft-lg-0 brz-css-mlyma\" data-generated-css=\"brz-css-twqVy\" data-uniq-id=\"zJZ4P\"><span style=\"color: rgb(0, 0, 0);\">Planter des fleurs mellif\u00e8res dans votre jardin<\/span><\/p>\n<p class=\"brz-text-lg-center brz-tp-lg-empty brz-ff-noto_serif brz-ft-google brz-fs-lg-17 brz-fss-lg-px brz-fw-lg-400 brz-ls-lg-0 brz-lh-lg-1_8 brz-vfw-lg-400 brz-fwdth-lg-100 brz-fsft-lg-0 brz-css-pOH1L\" data-generated-css=\"brz-css-xuo0l\" data-uniq-id=\"j_m2x\"><span style=\"color: rgb(0, 0, 0);\">Ne pas utiliser de pesticides<\/span><\/p>\n<p class=\"brz-text-lg-center brz-tp-lg-empty brz-ff-noto_serif brz-ft-google brz-fs-lg-17 brz-fss-lg-px brz-fw-lg-400 brz-ls-lg-0 brz-lh-lg-1_8 brz-vfw-lg-400 brz-fwdth-lg-100 brz-fsft-lg-0 brz-css-rZZC3\" data-generated-css=\"brz-css-kajmz\" data-uniq-id=\"gpQtb\"><span style=\"color: rgb(0, 0, 0);\">Nous suivre sur les r\u00e9seaux pour <\/span><\/p>\n<p class=\"brz-text-lg-center brz-tp-lg-empty brz-ff-noto_serif brz-ft-google brz-fs-lg-17 brz-fss-lg-px brz-fw-lg-400 brz-ls-lg-0 brz-lh-lg-1_8 brz-vfw-lg-400 brz-fwdth-lg-100 brz-fsft-lg-0 brz-css-wCsFg\" data-generated-css=\"brz-css-v3v6C\" data-uniq-id=\"u3X2g\"><span style=\"color: rgb(0, 0, 0);\">l\u2019annonce du lancement du live<\/span><\/p>\n<p class=\"brz-text-lg-center brz-tp-lg-empty brz-ff-noto_serif brz-ft-google brz-fs-lg-17 brz-fss-lg-px brz-fw-lg-400 brz-ls-lg-0 brz-lh-lg-1_8 brz-vfw-lg-400 brz-fwdth-lg-100 brz-fsft-lg-0 brz-css-qtaGU\" data-generated-css=\"brz-css-dMTGo\" data-uniq-id=\"hMPH8\"><\/p>\n<\/div>\n<\/div>\n<\/div>\n<\/div>\n<\/div>\n<\/section><\/div>\n<p><!-- version:1775684653 --><\/p>\n","protected":false},"excerpt":{"rendered":"<p>Bienvenue dans la R\u00e9serve Naturelle 77750.ORG Un lieu unique d\u00e9di\u00e9 \u00e0 la vie des abeilles, des fourmis et de tous les petits insectes qui peuplent nos r\u00e9gions. Au c\u0153ur de Saint-Ouen-sur-Morin, nous cr\u00e9ons un sanctuaire vivant o\u00f9 petits et grands peuvent observer, comprendre et aimer le monde fascinant des insectes. Ici, rien n\u2019est laiss\u00e9 au&hellip;&nbsp;<\/p>\n","protected":false},"author":1,"featured_media":0,"parent":0,"menu_order":0,"comment_status":"closed","ping_status":"closed","template":"brizy-blank-template.php","meta":{"neve_meta_sidebar":"","neve_meta_container":"","neve_meta_enable_content_width":"","neve_meta_content_width":0,"neve_meta_title_alignment":"","neve_meta_author_avatar":"","neve_post_elements_order":"","neve_meta_disable_header":"","neve_meta_disable_footer":"","neve_meta_disable_title":"","footnotes":""},"class_list":["post-35","page","type-page","status-publish","hentry"],"brizy_media":[{"id":41,"url":"https:\/\/77750.org\/wp-content\/uploads\/2026\/04\/Screenshot-2026-04-08-at-21.36.24.png","name":"Screenshot-2026-04-08-at-21.36.24.png","meta":{"brizy_attachment_uid":"wp-cfc1bcd1ec9439da577d5f0d55142764.png","brizy_post_uid":["85fe57de5f5ce5c8516317a7d3b6d8bc"]}},{"id":46,"url":"https:\/\/77750.org\/wp-content\/uploads\/2026\/04\/\u2014Pngtree\u2014realistic-of-honey-bee_21327744-scaled.png","name":"\u2014Pngtree\u2014realistic-of-honey-bee_21327744.png","meta":{"brizy_attachment_uid":"wp-36ec82ea06ef9dea264519d3e4fb053f.png","brizy_post_uid":["85fe57de5f5ce5c8516317a7d3b6d8bc"]}},{"id":51,"url":"https:\/\/77750.org\/wp-content\/uploads\/2026\/04\/\u2014Pngtree\u2014bee-isolated-on-a-transparent_21103350.png","name":"\u2014Pngtree\u2014bee-isolated-on-a-transparent_21103350.png","meta":{"brizy_attachment_uid":"wp-b931cc903bf9c375bdd5d70046918918.png","brizy_post_uid":["85fe57de5f5ce5c8516317a7d3b6d8bc"]}}],"_links":{"self":[{"href":"https:\/\/77750.org\/index.php\/wp-json\/wp\/v2\/pages\/35","targetHints":{"allow":["GET"]}}],"collection":[{"href":"https:\/\/77750.org\/index.php\/wp-json\/wp\/v2\/pages"}],"about":[{"href":"https:\/\/77750.org\/index.php\/wp-json\/wp\/v2\/types\/page"}],"author":[{"embeddable":true,"href":"https:\/\/77750.org\/index.php\/wp-json\/wp\/v2\/users\/1"}],"replies":[{"embeddable":true,"href":"https:\/\/77750.org\/index.php\/wp-json\/wp\/v2\/comments?post=35"}],"version-history":[{"count":24,"href":"https:\/\/77750.org\/index.php\/wp-json\/wp\/v2\/pages\/35\/revisions"}],"predecessor-version":[{"id":91,"href":"https:\/\/77750.org\/index.php\/wp-json\/wp\/v2\/pages\/35\/revisions\/91"}],"wp:attachment":[{"href":"https:\/\/77750.org\/index.php\/wp-json\/wp\/v2\/media?parent=35"}],"curies":[{"name":"wp","href":"https:\/\/api.w.org\/{rel}","templated":true}]}}